{"id":22502,"date":"2025-07-04T12:55:10","date_gmt":"2025-07-04T12:55:10","guid":{"rendered":"https:\/\/visiosign.com\/integritetspolicy\/"},"modified":"2025-08-27T11:07:55","modified_gmt":"2025-08-27T11:07:55","slug":"integritetspolicy","status":"publish","type":"page","link":"https:\/\/visiosign.com\/sv\/integritetspolicy\/","title":{"rendered":"Integritetspolicy"},"content":{"rendered":"\t\t<div data-elementor-type=\"wp-page\" data-elementor-id=\"22502\" class=\"elementor elementor-22502 elementor-21903\" data-elementor-post-type=\"page\">\n\t\t\t\t<div class=\"elementor-element elementor-element-f176af3 e-flex e-con-boxed e-con e-parent\" data-id=\"f176af3\" data-element_type=\"container\" data-e-type=\"container\">\n\t\t\t\t\t<div class=\"e-con-inner\">\n\t\t\t\t<div class=\"elementor-element elementor-element-5c8c00e elementor-widget elementor-widget-heading\" data-id=\"5c8c00e\" data-element_type=\"widget\" data-e-type=\"widget\" data-settings=\"{&quot;ekit_we_effect_on&quot;:&quot;none&quot;}\" data-widget_type=\"heading.default\">\n\t\t\t\t<div class=\"elementor-widget-container\">\n\t\t\t\t\t<h2 class=\"elementor-heading-title elementor-size-default\">Integritetspolicy<\/h2>\t\t\t\t<\/div>\n\t\t\t\t<\/div>\n\t\t\t\t<div class=\"elementor-element elementor-element-13d38cd elementor-widget elementor-widget-text-editor\" data-id=\"13d38cd\" data-element_type=\"widget\" data-e-type=\"widget\" data-settings=\"{&quot;ekit_we_effect_on&quot;:&quot;none&quot;}\" data-widget_type=\"text-editor.default\">\n\t\t\t\t<div class=\"elementor-widget-container\">\n\t\t\t\t\t\t\t\t\t<p><strong>Behandling av personuppgifter vid anv\u00e4ndning av v\u00e5rt kontaktformul\u00e4r<\/strong><\/p><p><strong>Personuppgiftsansvarig<\/strong><br>N\u00e4r du anv\u00e4nder v\u00e5rt avtalsformul\u00e4r p\u00e5 www.dnpvisiosign.com l\u00e4mnar du uppgifter till:<br>dnp danmark<br>Skruegangen 2<br>2690 Karlslunde<br>CVR nr. 12759444<br>Danmark<br>(nedan kallad &#8221;dnp Visiosign&#8221;)<\/p><p>vem som \u00e4r personuppgiftsansvarig f\u00f6r behandlingen av uppgifterna.<\/p><p>Du kan kontakta oss via telefon 39633906 eller via e-post <a href=\"mailto:info@dnpvisiosign.com\">info@dnpvisiosign.com.<\/a><\/p><p><strong>Vad anv\u00e4nder vi din information till?<\/strong><br>dnp Visiosign anv\u00e4nder dina uppgifter f\u00f6r att kontakta dig som en uppf\u00f6ljning av din f\u00f6rfr\u00e5gan eller beg\u00e4ran om att bli kontaktad och f\u00f6r naturlig uppf\u00f6ljning till dig. I \u00f6vrigt anv\u00e4nder vi inte dina uppgifter om vi inte kommer \u00f6verens om annat i v\u00e5r dialog. <\/p><p>Om du \u00e4ven har l\u00e4mnat uppgifter f\u00f6r andra \u00e4ndam\u00e5l kommer vi att informera dig separat om v\u00e5r behandling f\u00f6r s\u00e5dana \u00e4ndam\u00e5l.<\/p><p><strong>V\u00e5r grund f\u00f6r att behandla information om dig<\/strong><br>Grunden f\u00f6r v\u00e5r behandling av dina personuppgifter \u00e4r artikel 6.1 f i dataskyddsf\u00f6rordningen (intresseavv\u00e4gningsregeln). V\u00e5rt ber\u00e4ttigade intresse av att behandla dina uppgifter \u00e4r att vi kan f\u00f6lja upp din beg\u00e4ran om att bli kontaktad och d\u00e4refter kontakta dig.  <\/p><p><strong>Vi l\u00e4mnar inte ut din information<\/strong><br>Som regel l\u00e4mnar vi inte ut den information vi f\u00e5r om dig till andra. Vi l\u00e4mnar endast ut din information om vi \u00e4r skyldiga att g\u00f6ra det av myndigheter eller genom r\u00e4ttsliga \u00e5tg\u00e4rder. <\/p><p><strong>Hur l\u00e4nge lagrar dnp Visiosign personuppgifter om mig?<\/strong><br>N\u00e4r vi har kontaktat dig med anledning av din f\u00f6rfr\u00e5gan och eventuellt f\u00f6ljt upp den, kommer vi att radera dina uppgifter om inte v\u00e5r kontakt med dig ger upphov till ytterligare dialog.<\/p><p>I enlighet med den danska konsumentombudsmannens riktlinjer och krav sparar vi dokumentation om ditt samtycke till att skicka marknadsf\u00f6ringsmaterial till dig via e-post i upp till tv\u00e5 \u00e5r efter att vi senast anv\u00e4nde ditt samtycke. Dokumentationen inneh\u00e5ller din e-postadress, ditt namn, tidpunkten f\u00f6r ditt samtycke och din IP-adress. V\u00e5r behandling av dina uppgifter grundar sig p\u00e5 artikel 6.1 c eller 6.1 f i dataskyddsf\u00f6rordningen, eftersom vi \u00e4r direkt skyldiga att utf\u00f6ra behandlingen och eftersom vi har ett v\u00e4sentligt intresse av att kunna dokumentera att vi f\u00f6ljer 10 \u00a7 marknadsf\u00f6ringslagen.   <\/p><p><strong>Dina \u00f6vriga r\u00e4ttigheter enligt dataskyddslagstiftningen<\/strong><br>Du har ett antal r\u00e4ttigheter enligt den allm\u00e4nna dataskyddsf\u00f6rordningen. Om du vill ut\u00f6va dina r\u00e4ttigheter, v\u00e4nligen kontakta oss. <\/p><p><strong>Dina r\u00e4ttigheter inkluderar:<\/strong><\/p><ul><li><span style=\"text-decoration: underline;\"><em>R\u00e4tt till tillg\u00e5ng:<\/em><\/span> Du har r\u00e4tt att f\u00e5 tillg\u00e5ng till de personuppgifter som vi behandlar om dig.<\/li><li><span style=\"text-decoration: underline;\"><em>R\u00e4tt till r\u00e4ttelse:<\/em><\/span> Du har r\u00e4tt att f\u00e5 felaktiga personuppgifter som r\u00f6r dig r\u00e4ttade och ofullst\u00e4ndiga personuppgifter <span style=\"text-decoration: underline;\"><em>kompletteras.<\/em><\/span><\/li><li><span style=\"text-decoration: underline;\"><em>R\u00e4tt till radering (r\u00e4tten att bli bortgl\u00f6md):<\/em> <\/span>I s\u00e4rskilda fall har du r\u00e4tt att f\u00e5 personuppgifter om dig raderade f\u00f6re den tidpunkt d\u00e5 vi normalt skulle radera dina uppgifter.<\/li><li><span style=\"text-decoration: underline;\"><em>R\u00e4tt till begr\u00e4nsning av behandling:<\/em> <\/span>Du har r\u00e4tt att i vissa fall f\u00e5 behandlingen av dina personuppgifter begr\u00e4nsad. Om du har r\u00e4tt att begr\u00e4nsa behandlingen f\u00e5r vi i forts\u00e4ttningen endast behandla personuppgifterna &#8211; med undantag f\u00f6r lagring &#8211; med ditt samtycke eller f\u00f6r att fastst\u00e4lla, g\u00f6ra g\u00e4llande eller f\u00f6rsvara r\u00e4ttsliga anspr\u00e5k eller f\u00f6r att skydda en person eller viktiga allm\u00e4nna intressen. <\/li><li><span style=\"text-decoration: underline;\"><em>R\u00e4tt att g\u00f6ra inv\u00e4ndningar:<\/em><\/span> Du har r\u00e4tt att inv\u00e4nda mot v\u00e5r behandling av dina personuppgifter i vissa fall &#8211; dock alltid om behandlingen sker f\u00f6r direktmarknadsf\u00f6rings\u00e4ndam\u00e5l.<\/li><li><span style=\"text-decoration: underline;\"><em>R\u00e4tt till dataportabilitet:<\/em><\/span> I vissa fall har du r\u00e4tt att f\u00e5 dina personuppgifter i ett strukturerat, allm\u00e4nt anv\u00e4nt och maskinl\u00e4sbart format och att f\u00e5 dessa personuppgifter \u00f6verf\u00f6rda fr\u00e5n en personuppgiftsansvarig till en annan.<\/li><li><span style=\"text-decoration: underline;\"><em>R\u00e4tt att l\u00e4mna in klagom\u00e5l:<\/em><\/span> Du kan n\u00e4r som helst l\u00e4mna in ett klagom\u00e5l till den danska dataskyddsmyndigheten om v\u00e5r behandling av dina personuppgifter. Se mer p\u00e5 www.datatilsynet.dk, d\u00e4r du ocks\u00e5 kan hitta mer information om dina r\u00e4ttigheter som registrerad. <\/li><\/ul>\t\t\t\t\t\t\t\t<\/div>\n\t\t\t\t<\/div>\n\t\t\t\t\t<\/div>\n\t\t\t\t<\/div>\n\t\t\t\t<\/div>\n\t\t","protected":false},"excerpt":{"rendered":"<p>Integritetspolicy Behandling av personuppgifter vid anv\u00e4ndning av v\u00e5rt kontaktformul\u00e4r PersonuppgiftsansvarigN\u00e4r du anv\u00e4nder v\u00e5rt avtalsformul\u00e4r p\u00e5 www.dnpvisiosign.com l\u00e4mnar du uppgifter till:dnp danmarkSkruegangen 22690 KarlslundeCVR nr. 12759444Danmark(nedan kallad &#8221;dnp Visiosign&#8221;) vem som \u00e4r personuppgiftsansvarig f\u00f6r behandlingen av uppgifterna. Du kan kontakta oss via telefon 39633906 eller via e-post info@dnpvisiosign.com. Vad anv\u00e4nder vi din information till?dnp Visiosign anv\u00e4nder [&hellip;]<\/p>\n","protected":false},"author":2,"featured_media":0,"parent":0,"menu_order":1,"comment_status":"closed","ping_status":"closed","template":"","meta":{"footnotes":""},"class_list":["post-22502","page","type-page","status-publish","hentry"],"yoast_head":"<!-- This site is optimized with the Yoast SEO plugin v27.6 - https:\/\/yoast.com\/product\/yoast-seo-wordpress\/ -->\n<title>Integritetspolicy | Visiosign<\/title>\n<meta name=\"description\" content=\"L\u00e4s Visiosigns integritetspolicy och f\u00e5 information om hur vi hanterar personuppgifter i samband med v\u00e5ra produkter och tj\u00e4nster.\" \/>\n<meta name=\"robots\" content=\"index, follow, max-snippet:-1, max-image-preview:large, max-video-preview:-1\" \/>\n<link rel=\"canonical\" href=\"https:\/\/visiosign.com\/sv\/integritetspolicy\/\" \/>\n<meta property=\"og:locale\" content=\"sv_SE\" \/>\n<meta property=\"og:type\" content=\"article\" \/>\n<meta property=\"og:title\" content=\"Integritetspolicy | Visiosign\" \/>\n<meta property=\"og:description\" content=\"L\u00e4s Visiosigns integritetspolicy och f\u00e5 information om hur vi hanterar personuppgifter i samband med v\u00e5ra produkter och tj\u00e4nster.\" \/>\n<meta property=\"og:url\" content=\"https:\/\/visiosign.com\/sv\/integritetspolicy\/\" \/>\n<meta property=\"og:site_name\" content=\"Visiosign\" \/>\n<meta property=\"article:modified_time\" content=\"2025-08-27T11:07:55+00:00\" \/>\n<meta property=\"og:image\" content=\"https:\/\/visiosign.com\/wp-content\/uploads\/2025\/08\/Visiosign-social-1.png\" \/>\n\t<meta property=\"og:image:width\" content=\"1200\" \/>\n\t<meta property=\"og:image:height\" content=\"630\" \/>\n\t<meta property=\"og:image:type\" content=\"image\/png\" \/>\n<meta name=\"twitter:card\" content=\"summary_large_image\" \/>\n<meta name=\"twitter:label1\" content=\"Ber\u00e4knad l\u00e4stid\" \/>\n\t<meta name=\"twitter:data1\" content=\"4 minuter\" \/>\n<script type=\"application\/ld+json\" class=\"yoast-schema-graph\">{\"@context\":\"https:\\\/\\\/schema.org\",\"@graph\":[{\"@type\":\"WebPage\",\"@id\":\"https:\\\/\\\/visiosign.com\\\/sv\\\/integritetspolicy\\\/\",\"url\":\"https:\\\/\\\/visiosign.com\\\/sv\\\/integritetspolicy\\\/\",\"name\":\"Integritetspolicy | Visiosign\",\"isPartOf\":{\"@id\":\"https:\\\/\\\/visiosign.com\\\/sv\\\/#website\"},\"datePublished\":\"2025-07-04T12:55:10+00:00\",\"dateModified\":\"2025-08-27T11:07:55+00:00\",\"description\":\"L\u00e4s Visiosigns integritetspolicy och f\u00e5 information om hur vi hanterar personuppgifter i samband med v\u00e5ra produkter och tj\u00e4nster.\",\"breadcrumb\":{\"@id\":\"https:\\\/\\\/visiosign.com\\\/sv\\\/integritetspolicy\\\/#breadcrumb\"},\"inLanguage\":\"sv-SE\",\"potentialAction\":[{\"@type\":\"ReadAction\",\"target\":[\"https:\\\/\\\/visiosign.com\\\/sv\\\/integritetspolicy\\\/\"]}]},{\"@type\":\"BreadcrumbList\",\"@id\":\"https:\\\/\\\/visiosign.com\\\/sv\\\/integritetspolicy\\\/#breadcrumb\",\"itemListElement\":[{\"@type\":\"ListItem\",\"position\":1,\"name\":\"Hjem\",\"item\":\"https:\\\/\\\/visiosign.com\\\/sv\\\/startsida\\\/\"},{\"@type\":\"ListItem\",\"position\":2,\"name\":\"Integritetspolicy\"}]},{\"@type\":\"WebSite\",\"@id\":\"https:\\\/\\\/visiosign.com\\\/sv\\\/#website\",\"url\":\"https:\\\/\\\/visiosign.com\\\/sv\\\/\",\"name\":\"Visiosign\",\"description\":\"Velkommen til Visiosign\",\"potentialAction\":[{\"@type\":\"SearchAction\",\"target\":{\"@type\":\"EntryPoint\",\"urlTemplate\":\"https:\\\/\\\/visiosign.com\\\/sv\\\/?s={search_term_string}\"},\"query-input\":{\"@type\":\"PropertyValueSpecification\",\"valueRequired\":true,\"valueName\":\"search_term_string\"}}],\"inLanguage\":\"sv-SE\"}]}<\/script>\n<!-- \/ Yoast SEO plugin. -->","yoast_head_json":{"title":"Integritetspolicy | Visiosign","description":"L\u00e4s Visiosigns integritetspolicy och f\u00e5 information om hur vi hanterar personuppgifter i samband med v\u00e5ra produkter och tj\u00e4nster.","robots":{"index":"index","follow":"follow","max-snippet":"max-snippet:-1","max-image-preview":"max-image-preview:large","max-video-preview":"max-video-preview:-1"},"canonical":"https:\/\/visiosign.com\/sv\/integritetspolicy\/","og_locale":"sv_SE","og_type":"article","og_title":"Integritetspolicy | Visiosign","og_description":"L\u00e4s Visiosigns integritetspolicy och f\u00e5 information om hur vi hanterar personuppgifter i samband med v\u00e5ra produkter och tj\u00e4nster.","og_url":"https:\/\/visiosign.com\/sv\/integritetspolicy\/","og_site_name":"Visiosign","article_modified_time":"2025-08-27T11:07:55+00:00","og_image":[{"width":1200,"height":630,"url":"https:\/\/visiosign.com\/wp-content\/uploads\/2025\/08\/Visiosign-social-1.png","type":"image\/png"}],"twitter_card":"summary_large_image","twitter_misc":{"Ber\u00e4knad l\u00e4stid":"4 minuter"},"schema":{"@context":"https:\/\/schema.org","@graph":[{"@type":"WebPage","@id":"https:\/\/visiosign.com\/sv\/integritetspolicy\/","url":"https:\/\/visiosign.com\/sv\/integritetspolicy\/","name":"Integritetspolicy | Visiosign","isPartOf":{"@id":"https:\/\/visiosign.com\/sv\/#website"},"datePublished":"2025-07-04T12:55:10+00:00","dateModified":"2025-08-27T11:07:55+00:00","description":"L\u00e4s Visiosigns integritetspolicy och f\u00e5 information om hur vi hanterar personuppgifter i samband med v\u00e5ra produkter och tj\u00e4nster.","breadcrumb":{"@id":"https:\/\/visiosign.com\/sv\/integritetspolicy\/#breadcrumb"},"inLanguage":"sv-SE","potentialAction":[{"@type":"ReadAction","target":["https:\/\/visiosign.com\/sv\/integritetspolicy\/"]}]},{"@type":"BreadcrumbList","@id":"https:\/\/visiosign.com\/sv\/integritetspolicy\/#breadcrumb","itemListElement":[{"@type":"ListItem","position":1,"name":"Hjem","item":"https:\/\/visiosign.com\/sv\/startsida\/"},{"@type":"ListItem","position":2,"name":"Integritetspolicy"}]},{"@type":"WebSite","@id":"https:\/\/visiosign.com\/sv\/#website","url":"https:\/\/visiosign.com\/sv\/","name":"Visiosign","description":"Velkommen til Visiosign","potentialAction":[{"@type":"SearchAction","target":{"@type":"EntryPoint","urlTemplate":"https:\/\/visiosign.com\/sv\/?s={search_term_string}"},"query-input":{"@type":"PropertyValueSpecification","valueRequired":true,"valueName":"search_term_string"}}],"inLanguage":"sv-SE"}]}},"_links":{"self":[{"href":"https:\/\/visiosign.com\/sv\/wp-json\/wp\/v2\/pages\/22502","targetHints":{"allow":["GET"]}}],"collection":[{"href":"https:\/\/visiosign.com\/sv\/wp-json\/wp\/v2\/pages"}],"about":[{"href":"https:\/\/visiosign.com\/sv\/wp-json\/wp\/v2\/types\/page"}],"author":[{"embeddable":true,"href":"https:\/\/visiosign.com\/sv\/wp-json\/wp\/v2\/users\/2"}],"replies":[{"embeddable":true,"href":"https:\/\/visiosign.com\/sv\/wp-json\/wp\/v2\/comments?post=22502"}],"version-history":[{"count":1,"href":"https:\/\/visiosign.com\/sv\/wp-json\/wp\/v2\/pages\/22502\/revisions"}],"predecessor-version":[{"id":22503,"href":"https:\/\/visiosign.com\/sv\/wp-json\/wp\/v2\/pages\/22502\/revisions\/22503"}],"wp:attachment":[{"href":"https:\/\/visiosign.com\/sv\/wp-json\/wp\/v2\/media?parent=22502"}],"curies":[{"name":"wp","href":"https:\/\/api.w.org\/{rel}","templated":true}]}}