{"id":23816,"date":"2025-09-29T11:05:41","date_gmt":"2025-09-29T11:05:41","guid":{"rendered":"https:\/\/visiosign.com\/kundaerenden\/"},"modified":"2025-10-31T12:49:06","modified_gmt":"2025-10-31T12:49:06","slug":"kundcase","status":"publish","type":"page","link":"https:\/\/visiosign.com\/sv\/kundcase\/","title":{"rendered":"Kundcase"},"content":{"rendered":"\t\t<div data-elementor-type=\"wp-page\" data-elementor-id=\"23816\" class=\"elementor elementor-23816 elementor-23806\" data-elementor-post-type=\"page\">\n\t\t\t\t<div class=\"elementor-element elementor-element-e98992f e-flex e-con-boxed e-con e-parent\" data-id=\"e98992f\" data-element_type=\"container\" data-e-type=\"container\">\n\t\t\t\t\t<div class=\"e-con-inner\">\n\t\t<div class=\"elementor-element elementor-element-dfc61e4 e-con-full e-flex e-con e-child\" data-id=\"dfc61e4\" data-element_type=\"container\" data-e-type=\"container\">\n\t\t<div class=\"elementor-element elementor-element-2eb04e3 e-con-full e-flex e-con e-child\" data-id=\"2eb04e3\" data-element_type=\"container\" data-e-type=\"container\">\n\t\t\t\t<div class=\"elementor-element elementor-element-814656e elementor-invisible elementor-widget elementor-widget-elementskit-breadcrumb\" data-id=\"814656e\" data-element_type=\"widget\" data-e-type=\"widget\" data-settings=\"{&quot;_animation&quot;:&quot;fadeIn&quot;,&quot;_animation_delay&quot;:200,&quot;ekit_we_effect_on&quot;:&quot;none&quot;}\" data-widget_type=\"elementskit-breadcrumb.default\">\n\t\t\t\t<div class=\"elementor-widget-container\">\n\t\t\t\t\t<div class=\"ekit-wid-con\" ><ol class=\"ekit-breadcrumb\"><li class=\"ekit_breadcrumbs_start\"><a href=\"https:\/\/visiosign.com\/sv\/\">Hem<\/a><\/li><\/ol><\/div>\t\t\t\t<\/div>\n\t\t\t\t<\/div>\n\t\t\t\t<div class=\"elementor-element elementor-element-c3fa20d elementor-invisible elementor-widget elementor-widget-elementskit-heading\" data-id=\"c3fa20d\" data-element_type=\"widget\" data-e-type=\"widget\" data-settings=\"{&quot;ekit_we_effect_on&quot;:&quot;css&quot;,&quot;_animation&quot;:&quot;fadeIn&quot;,&quot;_animation_delay&quot;:200}\" data-widget_type=\"elementskit-heading.default\">\n\t\t\t\t<div class=\"elementor-widget-container\">\n\t\t\t\t\t<div class=\"ekit-wid-con\" ><div class=\"ekit-heading elementskit-section-title-wraper text_center   ekit_heading_tablet-   ekit_heading_mobile-\"><h1 class=\"ekit-heading--title elementskit-section-title \">S\u00e5dan skaber Visiosign <span><span>v\u00e6rdi<\/span><\/span><\/h1>\t\t\t\t<div class='ekit-heading__description'>\n\t\t\t\t\t<p>F\u00e5 indblik i, hvordan vores l\u00f8sninger bliver brugt i praksis.<\/p>\n\t\t\t\t<\/div>\n\t\t\t<\/div><\/div>\t\t\t\t<\/div>\n\t\t\t\t<\/div>\n\t\t\t\t<\/div>\n\t\t\t\t<\/div>\n\t\t\t\t\t<\/div>\n\t\t\t\t<\/div>\n\t\t<div class=\"elementor-element elementor-element-4f9e1d0 e-flex e-con-boxed e-con e-parent\" data-id=\"4f9e1d0\" data-element_type=\"container\" data-e-type=\"container\">\n\t\t\t\t\t<div class=\"e-con-inner\">\n\t\t\t\t\t<\/div>\n\t\t\t\t<\/div>\n\t\t\t\t<\/div>\n\t\t","protected":false},"excerpt":{"rendered":"<p>Hjem S\u00e5dan skaber Visiosign v\u00e6rdi F\u00e5 indblik i, hvordan vores l\u00f8sninger bliver brugt i praksis.<\/p>\n","protected":false},"author":2,"featured_media":22889,"parent":0,"menu_order":0,"comment_status":"closed","ping_status":"closed","template":"","meta":{"footnotes":""},"class_list":["post-23816","page","type-page","status-publish","has-post-thumbnail","hentry"],"yoast_head":"<!-- This site is optimized with the Yoast SEO plugin v27.5 - https:\/\/yoast.com\/product\/yoast-seo-wordpress\/ -->\n<title>Kundcase | Visiosign | Digital Signage<\/title>\n<meta name=\"description\" content=\"Se hur organisationer i olika branscher anv\u00e4nder Visiosigns digitala skyltl\u00f6sningar f\u00f6r att st\u00e4rka den interna kommunikationen.\" \/>\n<meta name=\"robots\" content=\"index, follow, max-snippet:-1, max-image-preview:large, max-video-preview:-1\" \/>\n<link rel=\"canonical\" href=\"https:\/\/visiosign.com\/sv\/kundcase\/\" \/>\n<meta property=\"og:locale\" content=\"sv_SE\" \/>\n<meta property=\"og:type\" content=\"article\" \/>\n<meta property=\"og:title\" content=\"Vi st\u00e4rker den interna kommunikationen - visuellt och tydligt\" \/>\n<meta property=\"og:description\" content=\"Vi hj\u00e4lper organisationer att skapa en tydlig och tillg\u00e4nglig internkommunikation. N\u00e4r information \u00e4r synlig och tillg\u00e4nglig \u00e4r det l\u00e4ttare att engagera team och bygga gemenskap.\" \/>\n<meta property=\"og:url\" content=\"https:\/\/visiosign.com\/sv\/kundcase\/\" \/>\n<meta property=\"og:site_name\" content=\"Visiosign\" \/>\n<meta property=\"article:modified_time\" content=\"2025-10-31T12:49:06+00:00\" \/>\n<meta property=\"og:image\" content=\"https:\/\/visiosign.com\/wp-content\/uploads\/2025\/08\/Visiosign-social-1-1024x538.png\" \/>\n<meta name=\"twitter:card\" content=\"summary_large_image\" \/>\n<meta name=\"twitter:label1\" content=\"Ber\u00e4knad l\u00e4stid\" \/>\n\t<meta name=\"twitter:data1\" content=\"1 minut\" \/>\n<script type=\"application\/ld+json\" class=\"yoast-schema-graph\">{\"@context\":\"https:\\\/\\\/schema.org\",\"@graph\":[{\"@type\":\"WebPage\",\"@id\":\"https:\\\/\\\/visiosign.com\\\/sv\\\/kundcase\\\/\",\"url\":\"https:\\\/\\\/visiosign.com\\\/sv\\\/kundcase\\\/\",\"name\":\"Kundcase | Visiosign | Digital Signage\",\"isPartOf\":{\"@id\":\"https:\\\/\\\/visiosign.com\\\/sv\\\/#website\"},\"primaryImageOfPage\":{\"@id\":\"https:\\\/\\\/visiosign.com\\\/sv\\\/kundcase\\\/#primaryimage\"},\"image\":{\"@id\":\"https:\\\/\\\/visiosign.com\\\/sv\\\/kundcase\\\/#primaryimage\"},\"thumbnailUrl\":\"https:\\\/\\\/visiosign.com\\\/wp-content\\\/uploads\\\/2025\\\/08\\\/Design-uden-navn-22.png\",\"datePublished\":\"2025-09-29T11:05:41+00:00\",\"dateModified\":\"2025-10-31T12:49:06+00:00\",\"description\":\"Se hur organisationer i olika branscher anv\u00e4nder Visiosigns digitala skyltl\u00f6sningar f\u00f6r att st\u00e4rka den interna kommunikationen.\",\"breadcrumb\":{\"@id\":\"https:\\\/\\\/visiosign.com\\\/sv\\\/kundcase\\\/#breadcrumb\"},\"inLanguage\":\"sv-SE\",\"potentialAction\":[{\"@type\":\"ReadAction\",\"target\":[\"https:\\\/\\\/visiosign.com\\\/sv\\\/kundcase\\\/\"]}]},{\"@type\":\"ImageObject\",\"inLanguage\":\"sv-SE\",\"@id\":\"https:\\\/\\\/visiosign.com\\\/sv\\\/kundcase\\\/#primaryimage\",\"url\":\"https:\\\/\\\/visiosign.com\\\/wp-content\\\/uploads\\\/2025\\\/08\\\/Design-uden-navn-22.png\",\"contentUrl\":\"https:\\\/\\\/visiosign.com\\\/wp-content\\\/uploads\\\/2025\\\/08\\\/Design-uden-navn-22.png\",\"width\":200,\"height\":200,\"caption\":\"Visiosign\"},{\"@type\":\"BreadcrumbList\",\"@id\":\"https:\\\/\\\/visiosign.com\\\/sv\\\/kundcase\\\/#breadcrumb\",\"itemListElement\":[{\"@type\":\"ListItem\",\"position\":1,\"name\":\"Hjem\",\"item\":\"https:\\\/\\\/visiosign.com\\\/sv\\\/startsida\\\/\"},{\"@type\":\"ListItem\",\"position\":2,\"name\":\"Kundcase\"}]},{\"@type\":\"WebSite\",\"@id\":\"https:\\\/\\\/visiosign.com\\\/sv\\\/#website\",\"url\":\"https:\\\/\\\/visiosign.com\\\/sv\\\/\",\"name\":\"Visiosign\",\"description\":\"Velkommen til Visiosign\",\"potentialAction\":[{\"@type\":\"SearchAction\",\"target\":{\"@type\":\"EntryPoint\",\"urlTemplate\":\"https:\\\/\\\/visiosign.com\\\/sv\\\/?s={search_term_string}\"},\"query-input\":{\"@type\":\"PropertyValueSpecification\",\"valueRequired\":true,\"valueName\":\"search_term_string\"}}],\"inLanguage\":\"sv-SE\"}]}<\/script>\n<!-- \/ Yoast SEO plugin. -->","yoast_head_json":{"title":"Kundcase | Visiosign | Digital Signage","description":"Se hur organisationer i olika branscher anv\u00e4nder Visiosigns digitala skyltl\u00f6sningar f\u00f6r att st\u00e4rka den interna kommunikationen.","robots":{"index":"index","follow":"follow","max-snippet":"max-snippet:-1","max-image-preview":"max-image-preview:large","max-video-preview":"max-video-preview:-1"},"canonical":"https:\/\/visiosign.com\/sv\/kundcase\/","og_locale":"sv_SE","og_type":"article","og_title":"Vi st\u00e4rker den interna kommunikationen - visuellt och tydligt","og_description":"Vi hj\u00e4lper organisationer att skapa en tydlig och tillg\u00e4nglig internkommunikation. N\u00e4r information \u00e4r synlig och tillg\u00e4nglig \u00e4r det l\u00e4ttare att engagera team och bygga gemenskap.","og_url":"https:\/\/visiosign.com\/sv\/kundcase\/","og_site_name":"Visiosign","article_modified_time":"2025-10-31T12:49:06+00:00","og_image":[{"url":"https:\/\/visiosign.com\/wp-content\/uploads\/2025\/08\/Visiosign-social-1-1024x538.png","type":"","width":"","height":""}],"twitter_card":"summary_large_image","twitter_misc":{"Ber\u00e4knad l\u00e4stid":"1 minut"},"schema":{"@context":"https:\/\/schema.org","@graph":[{"@type":"WebPage","@id":"https:\/\/visiosign.com\/sv\/kundcase\/","url":"https:\/\/visiosign.com\/sv\/kundcase\/","name":"Kundcase | Visiosign | Digital Signage","isPartOf":{"@id":"https:\/\/visiosign.com\/sv\/#website"},"primaryImageOfPage":{"@id":"https:\/\/visiosign.com\/sv\/kundcase\/#primaryimage"},"image":{"@id":"https:\/\/visiosign.com\/sv\/kundcase\/#primaryimage"},"thumbnailUrl":"https:\/\/visiosign.com\/wp-content\/uploads\/2025\/08\/Design-uden-navn-22.png","datePublished":"2025-09-29T11:05:41+00:00","dateModified":"2025-10-31T12:49:06+00:00","description":"Se hur organisationer i olika branscher anv\u00e4nder Visiosigns digitala skyltl\u00f6sningar f\u00f6r att st\u00e4rka den interna kommunikationen.","breadcrumb":{"@id":"https:\/\/visiosign.com\/sv\/kundcase\/#breadcrumb"},"inLanguage":"sv-SE","potentialAction":[{"@type":"ReadAction","target":["https:\/\/visiosign.com\/sv\/kundcase\/"]}]},{"@type":"ImageObject","inLanguage":"sv-SE","@id":"https:\/\/visiosign.com\/sv\/kundcase\/#primaryimage","url":"https:\/\/visiosign.com\/wp-content\/uploads\/2025\/08\/Design-uden-navn-22.png","contentUrl":"https:\/\/visiosign.com\/wp-content\/uploads\/2025\/08\/Design-uden-navn-22.png","width":200,"height":200,"caption":"Visiosign"},{"@type":"BreadcrumbList","@id":"https:\/\/visiosign.com\/sv\/kundcase\/#breadcrumb","itemListElement":[{"@type":"ListItem","position":1,"name":"Hjem","item":"https:\/\/visiosign.com\/sv\/startsida\/"},{"@type":"ListItem","position":2,"name":"Kundcase"}]},{"@type":"WebSite","@id":"https:\/\/visiosign.com\/sv\/#website","url":"https:\/\/visiosign.com\/sv\/","name":"Visiosign","description":"Velkommen til Visiosign","potentialAction":[{"@type":"SearchAction","target":{"@type":"EntryPoint","urlTemplate":"https:\/\/visiosign.com\/sv\/?s={search_term_string}"},"query-input":{"@type":"PropertyValueSpecification","valueRequired":true,"valueName":"search_term_string"}}],"inLanguage":"sv-SE"}]}},"_links":{"self":[{"href":"https:\/\/visiosign.com\/sv\/wp-json\/wp\/v2\/pages\/23816","targetHints":{"allow":["GET"]}}],"collection":[{"href":"https:\/\/visiosign.com\/sv\/wp-json\/wp\/v2\/pages"}],"about":[{"href":"https:\/\/visiosign.com\/sv\/wp-json\/wp\/v2\/types\/page"}],"author":[{"embeddable":true,"href":"https:\/\/visiosign.com\/sv\/wp-json\/wp\/v2\/users\/2"}],"replies":[{"embeddable":true,"href":"https:\/\/visiosign.com\/sv\/wp-json\/wp\/v2\/comments?post=23816"}],"version-history":[{"count":15,"href":"https:\/\/visiosign.com\/sv\/wp-json\/wp\/v2\/pages\/23816\/revisions"}],"predecessor-version":[{"id":24336,"href":"https:\/\/visiosign.com\/sv\/wp-json\/wp\/v2\/pages\/23816\/revisions\/24336"}],"wp:featuredmedia":[{"embeddable":true,"href":"https:\/\/visiosign.com\/sv\/wp-json\/wp\/v2\/media\/22889"}],"wp:attachment":[{"href":"https:\/\/visiosign.com\/sv\/wp-json\/wp\/v2\/media?parent=23816"}],"curies":[{"name":"wp","href":"https:\/\/api.w.org\/{rel}","templated":true}]}}